{"id":9,"date":"2023-03-31T11:12:50","date_gmt":"2023-03-31T11:12:50","guid":{"rendered":"https:\/\/atratti.coccolebooks.com\/home\/?page_id=9"},"modified":"2023-09-22T10:56:40","modified_gmt":"2023-09-22T10:56:40","slug":"9-2","status":"publish","type":"page","link":"https:\/\/atratti.coccolebooks.com\/home\/","title":{"rendered":"Home"},"content":{"rendered":"\n<div class=\"wp-block-group is-layout-constrained wp-block-group-is-layout-constrained\"><\/div>\n\n\n\n<div class=\"wp-block-cover alignfull is-light has-custom-content-position is-position-top-center\" style=\"min-height:1242px;aspect-ratio:unset;\"><span aria-hidden=\"true\" class=\"wp-block-cover__background has-base-background-color has-background-dim\"><\/span><img loading=\"lazy\" decoding=\"async\" width=\"1580\" height=\"2184\" class=\"wp-block-cover__image-background wp-image-29\" alt=\"\" src=\"https:\/\/atratti.coccolebooks.com\/home\/wp-content\/uploads\/2023\/03\/sfondo_@tratti_dal_sapore.png\" style=\"object-position:49% 3%\" data-object-fit=\"cover\" data-object-position=\"49% 3%\" srcset=\"https:\/\/atratti.coccolebooks.com\/home\/wp-content\/uploads\/2023\/03\/sfondo_@tratti_dal_sapore.png 1580w, https:\/\/atratti.coccolebooks.com\/home\/wp-content\/uploads\/2023\/03\/sfondo_@tratti_dal_sapore-217x300.png 217w, https:\/\/atratti.coccolebooks.com\/home\/wp-content\/uploads\/2023\/03\/sfondo_@tratti_dal_sapore-741x1024.png 741w, https:\/\/atratti.coccolebooks.com\/home\/wp-content\/uploads\/2023\/03\/sfondo_@tratti_dal_sapore-768x1062.png 768w, https:\/\/atratti.coccolebooks.com\/home\/wp-content\/uploads\/2023\/03\/sfondo_@tratti_dal_sapore-1111x1536.png 1111w, https:\/\/atratti.coccolebooks.com\/home\/wp-content\/uploads\/2023\/03\/sfondo_@tratti_dal_sapore-1482x2048.png 1482w\" sizes=\"auto, (max-width: 1580px) 100vw, 1580px\" \/><div class=\"wp-block-cover__inner-container is-layout-flow wp-block-cover-is-layout-flow\">\n<figure class=\"wp-block-image alignfull size-large\"><img loading=\"lazy\" decoding=\"async\" width=\"1024\" height=\"647\" src=\"https:\/\/atratti.coccolebooks.com\/home\/wp-content\/uploads\/2023\/04\/Concorso_@tratti_dal_sapore_testo-6-1024x647.png\" alt=\"\" class=\"wp-image-157\" srcset=\"https:\/\/atratti.coccolebooks.com\/home\/wp-content\/uploads\/2023\/04\/Concorso_@tratti_dal_sapore_testo-6-1024x647.png 1024w, https:\/\/atratti.coccolebooks.com\/home\/wp-content\/uploads\/2023\/04\/Concorso_@tratti_dal_sapore_testo-6-300x190.png 300w, https:\/\/atratti.coccolebooks.com\/home\/wp-content\/uploads\/2023\/04\/Concorso_@tratti_dal_sapore_testo-6-768x485.png 768w, https:\/\/atratti.coccolebooks.com\/home\/wp-content\/uploads\/2023\/04\/Concorso_@tratti_dal_sapore_testo-6-1536x971.png 1536w, https:\/\/atratti.coccolebooks.com\/home\/wp-content\/uploads\/2023\/04\/Concorso_@tratti_dal_sapore_testo-6.png 1600w\" sizes=\"auto, (max-width: 1024px) 100vw, 1024px\" \/><\/figure>\n\n\n\n<p class=\"has-text-align-center has-large-font-size\"><\/p>\n\n\n\n<div style=\"height:172px\" aria-hidden=\"true\" class=\"wp-block-spacer\"><\/div>\n\n\n\n<div class=\"wp-block-media-text alignwide is-stacked-on-mobile is-vertically-aligned-center\" style=\"margin-top:0;margin-right:0;margin-bottom:0;margin-left:0;padding-top:0;padding-right:0;padding-bottom:0;padding-left:0;grid-template-columns:41% auto\"><figure class=\"wp-block-media-text__media\"><img loading=\"lazy\" decoding=\"async\" width=\"800\" height=\"893\" src=\"https:\/\/atratti.coccolebooks.com\/home\/wp-content\/uploads\/2023\/04\/Tavola-disegno-54@2x-2.png\" alt=\"\" class=\"wp-image-112 size-full\" srcset=\"https:\/\/atratti.coccolebooks.com\/home\/wp-content\/uploads\/2023\/04\/Tavola-disegno-54@2x-2.png 800w, https:\/\/atratti.coccolebooks.com\/home\/wp-content\/uploads\/2023\/04\/Tavola-disegno-54@2x-2-269x300.png 269w, https:\/\/atratti.coccolebooks.com\/home\/wp-content\/uploads\/2023\/04\/Tavola-disegno-54@2x-2-768x857.png 768w\" sizes=\"auto, (max-width: 800px) 100vw, 800px\" \/><\/figure><div class=\"wp-block-media-text__content\">\n<h2 class=\"wp-block-heading has-text-align-center has-text-color\" style=\"color:#000000;font-size:clamp(20px, 1.25rem + ((1vw - 3.2px) * 0.811), 32px);\"><strong>Vincitori e selezionati<\/strong><\/h2>\n\n\n\n<p class=\"has-text-color\" style=\"color:#000000\">Siamo giunti alla fase finale del concorso e siamo entusiasti di annunciare i vincitori.<\/p>\n\n\n\n<p>Scopri la selezione dei 32 finalisti e le motivazioni della giuria.<\/p>\n\n\n\n<div style=\"height:63px\" aria-hidden=\"true\" class=\"wp-block-spacer\"><\/div>\n\n\n\n<div class=\"wp-block-buttons is-content-justification-center is-layout-flex wp-container-core-buttons-is-layout-a89b3969 wp-block-buttons-is-layout-flex\">\n<div class=\"wp-block-button is-style-fill\"><a class=\"wp-block-button__link wp-element-button\" href=\"https:\/\/atratti.coccolebooks.com\/home\/vincitori-e-selezionati\/\">SCOPRI LA SELEZIONE<\/a><\/div>\n<\/div>\n\n\n\n<div style=\"height:33px\" aria-hidden=\"true\" class=\"wp-block-spacer\"><\/div>\n<\/div><\/div>\n\n\n\n<h2 class=\"wp-block-heading has-text-align-center has-text-color\" style=\"color:#000000;font-size:clamp(20px, 1.25rem + ((1vw - 3.2px) * 0.811), 32px);\"><strong>Cos&#8217;\u00e8 @tratti dal sapore<\/strong>?<\/h2>\n\n\n\n<p class=\"has-text-align-center\">\u00c8 un concorso di illustrazione organizzato da <strong>edizioni Coccole Books<\/strong> e <strong>Amarelli Fabbrica di Liquirizia<\/strong>.<\/p>\n\n\n\n<p class=\"has-text-align-center\">La partecipazione \u00e8 gratuita ed aperta a tutti gli illustratori e grafici di ogni nazionalit\u00e0 che hanno gi\u00e0 compiuto 18 anni.<\/p>\n\n\n\n<div style=\"height:40px\" aria-hidden=\"true\" class=\"wp-block-spacer\"><\/div>\n\n\n\n<div class=\"wp-block-buttons is-content-justification-center is-layout-flex wp-container-core-buttons-is-layout-a89b3969 wp-block-buttons-is-layout-flex\">\n<div class=\"wp-block-button is-style-fill\"><a class=\"wp-block-button__link wp-element-button\" href=\"https:\/\/atratti.coccolebooks.com\/home\/21-2\/\">APPROFONDISCI<\/a><\/div>\n<\/div>\n<\/div><\/div>\n\n\n\n<div class=\"wp-block-cover alignfull is-light\" style=\"padding-top:0;padding-right:0;padding-bottom:0;padding-left:0;min-height:441px;aspect-ratio:unset;\"><span aria-hidden=\"true\" class=\"wp-block-cover__background has-background-dim\" style=\"background-color:#ffffff\"><\/span><img loading=\"lazy\" decoding=\"async\" width=\"1580\" height=\"2184\" class=\"wp-block-cover__image-background wp-image-29\" alt=\"\" src=\"https:\/\/atratti.coccolebooks.com\/home\/wp-content\/uploads\/2023\/03\/sfondo_@tratti_dal_sapore.png\" style=\"object-position:50% 85%\" data-object-fit=\"cover\" data-object-position=\"50% 85%\" srcset=\"https:\/\/atratti.coccolebooks.com\/home\/wp-content\/uploads\/2023\/03\/sfondo_@tratti_dal_sapore.png 1580w, https:\/\/atratti.coccolebooks.com\/home\/wp-content\/uploads\/2023\/03\/sfondo_@tratti_dal_sapore-217x300.png 217w, https:\/\/atratti.coccolebooks.com\/home\/wp-content\/uploads\/2023\/03\/sfondo_@tratti_dal_sapore-741x1024.png 741w, https:\/\/atratti.coccolebooks.com\/home\/wp-content\/uploads\/2023\/03\/sfondo_@tratti_dal_sapore-768x1062.png 768w, https:\/\/atratti.coccolebooks.com\/home\/wp-content\/uploads\/2023\/03\/sfondo_@tratti_dal_sapore-1111x1536.png 1111w, https:\/\/atratti.coccolebooks.com\/home\/wp-content\/uploads\/2023\/03\/sfondo_@tratti_dal_sapore-1482x2048.png 1482w\" sizes=\"auto, (max-width: 1580px) 100vw, 1580px\" \/><div class=\"wp-block-cover__inner-container is-layout-flow wp-block-cover-is-layout-flow\">\n<div class=\"wp-block-media-text alignwide has-media-on-the-right is-stacked-on-mobile is-vertically-aligned-center is-image-fill has-pale-ocean-gradient-background has-background\" style=\"margin-top:0;margin-right:0;margin-bottom:0;margin-left:0;grid-template-columns:auto 47%\"><div class=\"wp-block-media-text__content\">\n<h2 class=\"wp-block-heading has-text-align-center has-text-color\" style=\"color:#000000;font-size:clamp(20px, 1.25rem + ((1vw - 3.2px) * 0.811), 32px);\"><strong><strong>Il tema \u00e8 PITAGORA<\/strong><\/strong><\/h2>\n\n\n\n<p class=\"has-text-color\" style=\"color:#000000;font-size:clamp(14px, 0.875rem + ((1vw - 3.2px) * 0.203), 17px);\">Pitagora \u00e8 stato un matematico e filosofo greco, fondatore della scuola filosofica di Crotone.<\/p>\n\n\n\n<div style=\"height:65px\" aria-hidden=\"true\" class=\"wp-block-spacer\"><\/div>\n\n\n\n<div class=\"wp-block-buttons is-content-justification-center is-layout-flex wp-container-core-buttons-is-layout-a89b3969 wp-block-buttons-is-layout-flex\">\n<div class=\"wp-block-button is-style-fill\"><a class=\"wp-block-button__link wp-element-button\" href=\"https:\/\/atratti.coccolebooks.com\/home\/21-2\/\">LEGGI IL REGOLAMENTO COMPLETO<\/a><\/div>\n<\/div>\n\n\n\n<div style=\"height:62px\" aria-hidden=\"true\" class=\"wp-block-spacer\"><\/div>\n<\/div><figure class=\"wp-block-media-text__media\" style=\"background-image:url(https:\/\/atratti.coccolebooks.com\/home\/wp-content\/uploads\/2023\/04\/pitagora_a_colori-1.tif);background-position:74% 0%\"><img decoding=\"async\" src=\"https:\/\/atratti.coccolebooks.com\/home\/wp-content\/uploads\/2023\/04\/pitagora_a_colori-1.tif\" alt=\"\" class=\"wp-image-106 size-full\"\/><\/figure><\/div>\n<\/div><\/div>\n\n\n\n<div style=\"height:48px\" aria-hidden=\"true\" class=\"wp-block-spacer\"><\/div>\n\n\n\n<div class=\"wp-block-cover alignfull is-light\" style=\"padding-top:0;padding-right:0;padding-bottom:0;padding-left:0;min-height:473px;aspect-ratio:unset;\"><span aria-hidden=\"true\" class=\"wp-block-cover__background has-background-dim\" style=\"background-color:#ffffff\"><\/span><img loading=\"lazy\" decoding=\"async\" width=\"1580\" height=\"2184\" class=\"wp-block-cover__image-background wp-image-29\" alt=\"\" src=\"https:\/\/atratti.coccolebooks.com\/home\/wp-content\/uploads\/2023\/03\/sfondo_@tratti_dal_sapore.png\" style=\"object-position:53% 27%\" data-object-fit=\"cover\" data-object-position=\"53% 27%\" srcset=\"https:\/\/atratti.coccolebooks.com\/home\/wp-content\/uploads\/2023\/03\/sfondo_@tratti_dal_sapore.png 1580w, https:\/\/atratti.coccolebooks.com\/home\/wp-content\/uploads\/2023\/03\/sfondo_@tratti_dal_sapore-217x300.png 217w, https:\/\/atratti.coccolebooks.com\/home\/wp-content\/uploads\/2023\/03\/sfondo_@tratti_dal_sapore-741x1024.png 741w, https:\/\/atratti.coccolebooks.com\/home\/wp-content\/uploads\/2023\/03\/sfondo_@tratti_dal_sapore-768x1062.png 768w, https:\/\/atratti.coccolebooks.com\/home\/wp-content\/uploads\/2023\/03\/sfondo_@tratti_dal_sapore-1111x1536.png 1111w, https:\/\/atratti.coccolebooks.com\/home\/wp-content\/uploads\/2023\/03\/sfondo_@tratti_dal_sapore-1482x2048.png 1482w\" sizes=\"auto, (max-width: 1580px) 100vw, 1580px\" \/><div class=\"wp-block-cover__inner-container is-layout-flow wp-block-cover-is-layout-flow\">\n<div class=\"wp-block-media-text alignwide is-stacked-on-mobile is-vertically-aligned-center\" style=\"margin-top:0;margin-right:0;margin-bottom:0;margin-left:0;padding-top:0;padding-right:0;padding-bottom:0;padding-left:0;grid-template-columns:41% auto\"><figure class=\"wp-block-media-text__media\"><img loading=\"lazy\" decoding=\"async\" width=\"800\" height=\"893\" src=\"https:\/\/atratti.coccolebooks.com\/home\/wp-content\/uploads\/2023\/04\/Tavola-disegno-54@2x-2.png\" alt=\"\" class=\"wp-image-112 size-full\" srcset=\"https:\/\/atratti.coccolebooks.com\/home\/wp-content\/uploads\/2023\/04\/Tavola-disegno-54@2x-2.png 800w, https:\/\/atratti.coccolebooks.com\/home\/wp-content\/uploads\/2023\/04\/Tavola-disegno-54@2x-2-269x300.png 269w, https:\/\/atratti.coccolebooks.com\/home\/wp-content\/uploads\/2023\/04\/Tavola-disegno-54@2x-2-768x857.png 768w\" sizes=\"auto, (max-width: 800px) 100vw, 800px\" \/><\/figure><div class=\"wp-block-media-text__content\">\n<h2 class=\"wp-block-heading has-text-align-center has-text-color\" style=\"color:#000000;font-size:clamp(20px, 1.25rem + ((1vw - 3.2px) * 0.811), 32px);\"><strong>Realizza la tua opera<\/strong><\/h2>\n\n\n\n<p class=\"has-text-color\" style=\"color:#000000;font-size:clamp(14px, 0.875rem + ((1vw - 3.2px) * 0.203), 17px);\">L&#8217;illustrazione vincitrice ricever\u00e0 un premio in denaro e diventer\u00e0 la nuova copertina della <strong>lattina di liquirizia Amarelli 2023<\/strong>.<\/p>\n\n\n\n<p>Usa il template per realizzare l&#8217;illustrazione con le giuste proporzioni.<\/p>\n\n\n\n<div style=\"height:63px\" aria-hidden=\"true\" class=\"wp-block-spacer\"><\/div>\n\n\n\n<div class=\"wp-block-buttons is-content-justification-center is-layout-flex wp-container-core-buttons-is-layout-a89b3969 wp-block-buttons-is-layout-flex\">\n<div class=\"wp-block-button is-style-fill\"><a class=\"wp-block-button__link wp-element-button\" href=\"https:\/\/www.dropbox.com\/s\/on5n5uc8sqd30bl\/Template_concorso_%40tratti_dal_sapore.pdf?dl=0\">SCARICA IL TEMPLATE<\/a><\/div>\n<\/div>\n\n\n\n<div style=\"height:33px\" aria-hidden=\"true\" class=\"wp-block-spacer\"><\/div>\n<\/div><\/div>\n<\/div><\/div>\n\n\n\n<div style=\"height:22px\" aria-hidden=\"true\" class=\"wp-block-spacer\"><\/div>\n\n\n\n<div class=\"wp-block-columns is-layout-flex wp-container-core-columns-is-layout-28f84493 wp-block-columns-is-layout-flex\">\n<div class=\"wp-block-column is-layout-flow wp-block-column-is-layout-flow\" style=\"flex-basis:100%\">\n<div class=\"wp-block-group alignfull is-layout-constrained wp-block-group-is-layout-constrained\">\n<div class=\"wp-block-columns is-layout-flex wp-container-core-columns-is-layout-28f84493 wp-block-columns-is-layout-flex\">\n<div class=\"wp-block-column is-layout-flow wp-block-column-is-layout-flow\" style=\"flex-basis:100%\">\n<div class=\"wp-block-cover alignfull is-light\" style=\"padding-top:0;padding-right:0;padding-bottom:0;padding-left:0;min-height:441px;aspect-ratio:unset;\"><span aria-hidden=\"true\" class=\"wp-block-cover__background has-background-dim\" style=\"background-color:#ffffff\"><\/span><img loading=\"lazy\" decoding=\"async\" width=\"1580\" height=\"2184\" class=\"wp-block-cover__image-background wp-image-29\" alt=\"\" src=\"https:\/\/atratti.coccolebooks.com\/home\/wp-content\/uploads\/2023\/03\/sfondo_@tratti_dal_sapore.png\" style=\"object-position:50% 85%\" data-object-fit=\"cover\" data-object-position=\"50% 85%\" srcset=\"https:\/\/atratti.coccolebooks.com\/home\/wp-content\/uploads\/2023\/03\/sfondo_@tratti_dal_sapore.png 1580w, https:\/\/atratti.coccolebooks.com\/home\/wp-content\/uploads\/2023\/03\/sfondo_@tratti_dal_sapore-217x300.png 217w, https:\/\/atratti.coccolebooks.com\/home\/wp-content\/uploads\/2023\/03\/sfondo_@tratti_dal_sapore-741x1024.png 741w, https:\/\/atratti.coccolebooks.com\/home\/wp-content\/uploads\/2023\/03\/sfondo_@tratti_dal_sapore-768x1062.png 768w, https:\/\/atratti.coccolebooks.com\/home\/wp-content\/uploads\/2023\/03\/sfondo_@tratti_dal_sapore-1111x1536.png 1111w, https:\/\/atratti.coccolebooks.com\/home\/wp-content\/uploads\/2023\/03\/sfondo_@tratti_dal_sapore-1482x2048.png 1482w\" sizes=\"auto, (max-width: 1580px) 100vw, 1580px\" \/><div class=\"wp-block-cover__inner-container is-layout-flow wp-block-cover-is-layout-flow\">\n<div class=\"wp-block-columns alignwide are-vertically-aligned-center has-pale-ocean-gradient-background has-background is-layout-flex wp-container-core-columns-is-layout-c5fdfbfa wp-block-columns-is-layout-flex\" style=\"margin-top:0;margin-right:0;margin-bottom:0;margin-left:0\">\n<div class=\"wp-block-column is-layout-flow wp-block-column-is-layout-flow\" style=\"flex-basis:100%\">\n<h2 class=\"wp-block-heading has-text-align-center has-text-color\" style=\"color:#000000;font-size:clamp(20px, 1.25rem + ((1vw - 3.2px) * 0.811), 32px);\"><strong><strong>Segna le date:<\/strong><\/strong><\/h2>\n\n\n\n<p class=\"has-text-align-center\" style=\"line-height:1.1\"><strong>1\u00b0 APRILE 2023<\/strong><br>Pubblicazione bando e apertura iscrizioni online<br><br><strong><s>30 GIUGNO 2023<\/s><\/strong><br><mark style=\"background-color:#007565\" class=\"has-inline-color has-base-color\">nuova scadenza: <strong>14 LUGLIO 2023<\/strong><\/mark><br>Termine iscrizioni e invio illustrazioni<\/p>\n\n\n\n<p class=\"has-text-align-center\" style=\"line-height:1.1\"><s><strong>31 LUGLIO 2023 <\/strong><\/s><br><mark style=\"background-color:#007565\" class=\"has-inline-color has-base-color\">nuova scadenza: <strong>4 AGOSTO 2023<\/strong><\/mark><s><br><\/s>Selezione 32 finalisti<br><br><strong>30<\/strong> <strong>AGOSTO 2023<\/strong><br>Pubblicazione Vincitori<br><br><strong>SETTEMBRE 2023<\/strong><br>data da definire: premiazione e mostra<br><br><strong>OTTOBRE 2023<\/strong><br>Pubblicazione catalogo<\/p>\n\n\n\n<div style=\"height:5px\" aria-hidden=\"true\" class=\"wp-block-spacer\"><\/div>\n\n\n\n<div class=\"wp-block-buttons is-content-justification-center is-layout-flex wp-container-core-buttons-is-layout-a89b3969 wp-block-buttons-is-layout-flex\">\n<div class=\"wp-block-button is-style-fill\"><a class=\"wp-block-button__link wp-element-button\" href=\"https:\/\/atratti.coccolebooks.com\/home\/partecipa\/\">ISCRIVITI ORA!<\/a><\/div>\n<\/div>\n<\/div>\n<\/div>\n<\/div><\/div>\n<\/div>\n<\/div>\n<\/div>\n<\/div>\n<\/div>\n","protected":false},"excerpt":{"rendered":"","protected":false},"author":1,"featured_media":0,"parent":0,"menu_order":0,"comment_status":"closed","ping_status":"closed","template":"","meta":{"footnotes":""},"class_list":["post-9","page","type-page","status-publish","hentry"],"_links":{"self":[{"href":"https:\/\/atratti.coccolebooks.com\/home\/wp-json\/wp\/v2\/pages\/9","targetHints":{"allow":["GET"]}}],"collection":[{"href":"https:\/\/atratti.coccolebooks.com\/home\/wp-json\/wp\/v2\/pages"}],"about":[{"href":"https:\/\/atratti.coccolebooks.com\/home\/wp-json\/wp\/v2\/types\/page"}],"author":[{"embeddable":true,"href":"https:\/\/atratti.coccolebooks.com\/home\/wp-json\/wp\/v2\/users\/1"}],"replies":[{"embeddable":true,"href":"https:\/\/atratti.coccolebooks.com\/home\/wp-json\/wp\/v2\/comments?post=9"}],"version-history":[{"count":47,"href":"https:\/\/atratti.coccolebooks.com\/home\/wp-json\/wp\/v2\/pages\/9\/revisions"}],"predecessor-version":[{"id":247,"href":"https:\/\/atratti.coccolebooks.com\/home\/wp-json\/wp\/v2\/pages\/9\/revisions\/247"}],"wp:attachment":[{"href":"https:\/\/atratti.coccolebooks.com\/home\/wp-json\/wp\/v2\/media?parent=9"}],"curies":[{"name":"wp","href":"https:\/\/api.w.org\/{rel}","templated":true}]}}